{"id":11,"date":"2017-02-13T15:03:46","date_gmt":"2017-02-13T14:03:46","guid":{"rendered":"http:\/\/telefonmann-owl.de\/?page_id=11"},"modified":"2023-10-15T09:21:01","modified_gmt":"2023-10-15T08:21:01","slug":"telekommunikation","status":"publish","type":"page","link":"https:\/\/telefonmann-owl.de\/?page_id=11","title":{"rendered":"Telekommunikation"},"content":{"rendered":"<div class=\"wp-block-image\">\n<figure class=\"aligncenter size-full\"><img loading=\"lazy\" decoding=\"async\" width=\"458\" height=\"353\" src=\"https:\/\/telefonmann-owl.de\/wp-content\/uploads\/2017\/02\/communications-for-small-businesses_module2_458x353.jpg\" alt=\"\" class=\"wp-image-87\" srcset=\"https:\/\/telefonmann-owl.de\/wp-content\/uploads\/2017\/02\/communications-for-small-businesses_module2_458x353.jpg 458w, https:\/\/telefonmann-owl.de\/wp-content\/uploads\/2017\/02\/communications-for-small-businesses_module2_458x353-300x231.jpg 300w\" sizes=\"(max-width: 458px) 100vw, 458px\" \/><\/figure><\/div>\n\n<div class=\"zpRow standard \">\n<div class=\"zpColumn zpColumnWidth1\">\n<div class=\"zpColumnItem\">\n<div id=\"a1341\" class=\"articlearea\">\n<p>Kommunikationsl\u00f6sungen aus einer Hand!<\/p>\n<p>Unser Produktportfolio deckt das gesamte Spektrum der Sprach- und Dateninfrastruktur ab.<\/p>\n<p><strong>Wir macht Ihre Kommunikationsinfrastruktur fit f\u00fcr die Zukunft.<\/strong><\/p>\n<\/div>\n<div class=\"product-header\">\n<div class=\"row-fluid\">\n<div class=\"title-bar span8\">\n<h1>\u00a0<\/h1>\n<p>\u00a0<\/p>\n<h1>IP Office&#x2122; Platform<\/h1>\n<p>Eine einfache und leistungsstarke Unified Collaboration-L\u00f6sung<\/p>\n<\/div>\n<\/div>\n<\/div>\n<div class=\"\">\n<div class=\"hero-content-block bottom-border\">\n<div class=\"row-fluid\">\n<h3 class=\"hero-title\">Zukunftsf\u00e4hige Gesch\u00e4ftskommunikation, konzipiert f\u00fcr Ihre Anforderungen<\/h3>\n<ul>\n<li><strong>Vernetzen Sie Ihre Mitarbeiter und Kunden schnell und zuverl\u00e4ssig durch den Einsatz eines effizienten und bezahlbaren Kommunikationssystem.\u00a0<\/strong>Wir wissen, dass das Telefon die Lebensader kleiner Unternehmen ist. Deshalb unterst\u00fctzt unsere IP Office Platform&#x2122; alle grundlegenden Telefoniefunktionen, bietet zudem aber auch leistungsf\u00e4hige Kommunikationsmethoden, die man typischerweise in gro\u00dfen Unternehmen findet.<\/li>\n<li><strong>Sorgen Sie daf\u00fcr, dass Ihre Mitarbeiter effizienter und produktiver arbeiten k\u00f6nnen.<\/strong>\u00a0Die Funktionen von IP Office beinhalten:\n<ul>\n<li>Voll ausgestattete Audio-Speaker-Telefone und Sprachnachrichten<\/li>\n<li>Eine vielseitige Empf\u00e4ngerkonsole f\u00fcr schnelle Anrufbearbeitung<\/li>\n<li>Mobilfunktionen f\u00fcr effizientes und produktives Arbeiten &#8211; unterwegs oder im B\u00fcro<\/li>\n<\/ul>\n<\/li>\n<li><strong>Holen Sie sich die All-Inclusive-L\u00f6sung &#8211; perfekt f\u00fcr kleine Unternehmen in Sachen Preis und Funktionsumfang.\u00a0<\/strong>IP Office passt sich an Ihr individuelles Unternehmenswachstum an und nutzt VoIP zur Reduzierung der Kommunikationskosten.<\/li>\n<li><strong>W\u00e4hlen Sie die f\u00fcr Ihre Zwecke am besten geeignete Bereitstellung.\u00a0<\/strong>IP Office kann auf Ihrem Ger\u00e4t, vollst\u00e4ndig in der Cloud oder als Kombination aus beidem installiert werden. Sie entscheiden, was am besten zu Ihren Anforderungen und zu Ihrem Budget passt.<\/li>\n<\/ul>\n<\/div>\n<\/div>\n<div class=\"text-left-right-tout row-fluid bottom-border\">\n<div class=\"span7\">\n<h3>\u2022 Starten Sie Ihr Wachstum mit den Basics<\/h3>\n<p>IP Office expandiert in gleichem Ma\u00dfe, wie Sie es tun, und unterst\u00fctzt auf einfache Weise mehr Nutzer und neue Funktionen. Die Benutzerverwaltung funktioniert schnell und nahtlos. Zudem k\u00f6nnen neue Produktivit\u00e4tsfunktionen, die Sie ben\u00f6tigen, um mit Ihren Kunden Schritt zu halten, augesprochen einfach aktiviert werden.<\/p>\n<h3>\u2022 Effektivere Kommunikation<\/h3>\n<p>Teilen Sie jedem Benutzer eine Nummer zu, um sich mit Kollegen, Partnern und Kunden \u00fcberall, zu jeder Zeit und mit jedem Ger\u00e4t zu verbinden.<\/p>\n<h3>\u2022 Seien Sie immer verkaufsoffen<\/h3>\n<p>Lassen Sie keinen Anruf unbeantwortet. Die M\u00f6glichkeiten von IP Office reichen von einfachen Sprachnachrichten \u00fcber E-Mail bis hin zur vollst\u00e4ndigen B\u00fcrofunktionen f\u00fcr unterwegs oder das Homeoffice.<\/p>\n<\/div>\n<\/div>\n<div class=\"solution-blocks bottom-border\">\n<div class=\"row-fluid image-text\">\n<div class=\"solutions-image span3\">\u00a0<\/div>\n<div class=\"span9\">\n<h4>Kommunikationsl\u00f6sungen f\u00fcr jede Branche<\/h4>\n<p>Unterschiedliche Branchen haben auch unterschiedliche Kommunikationsanforderungen. Avaya IP Office verf\u00fcgt \u00fcber eine gro\u00dfe Bandbreite an Funktionen und L\u00f6sungen, die genau auf Ihre Anforderungen abgestimmt werden k\u00f6nnen. Erfahren Sie, wie wir in diesen ausgew\u00e4hlten Branchen arbeiten:<\/p>\n<\/div>\n<\/div>\n<div class=\"row-fluid image-text\">\n<div class=\"solutions-image span3\">\u00a0<\/div>\n<div class=\"span9\">\n<h4>Ein Telefon f\u00fcr jeden Mitarbeiter<\/h4>\n<div>\n<p>Das umfangreiche Portfolio an Telefonen von Avaya erm\u00f6glicht die richtige Produktwahl f\u00fcr Rezeptionisten, B\u00fcromitarbeiter, Gesch\u00e4ftsf\u00fchrer, Lagerhaus-Teams und gemeinsam genutzte Bereiche. W\u00e4hlen Sie zwischen IP, digital, kabellos oder WLAN. Dank dieser Telefone mit ihrer bew\u00e4hrten Funktionalit\u00e4t und Zuverl\u00e4ssigkeit k\u00f6nnen Sie sicher sein, dass Sie f\u00fcr Ihre Kunden immer erreichbar sind:<\/p>\n<\/div>\n<\/div>\n<\/div>\n<\/div>\n<\/div>\n<\/div>\n<\/div>\n<\/div>","protected":false},"excerpt":{"rendered":"<p>Kommunikationsl\u00f6sungen aus einer Hand! Unser Produktportfolio deckt das gesamte Spektrum der Sprach- und Dateninfrastruktur ab. Wir macht Ihre Kommunikationsinfrastruktur fit f\u00fcr die Zukunft. \u00a0 \u00a0 IP Office&#x2122; Platform Eine einfache &#8230;<\/p>\n","protected":false},"author":1,"featured_media":0,"parent":0,"menu_order":0,"comment_status":"closed","ping_status":"closed","template":"","meta":{"footnotes":""},"_links":{"self":[{"href":"https:\/\/telefonmann-owl.de\/index.php?rest_route=\/wp\/v2\/pages\/11"}],"collection":[{"href":"https:\/\/telefonmann-owl.de\/index.php?rest_route=\/wp\/v2\/pages"}],"about":[{"href":"https:\/\/telefonmann-owl.de\/index.php?rest_route=\/wp\/v2\/types\/page"}],"author":[{"embeddable":true,"href":"https:\/\/telefonmann-owl.de\/index.php?rest_route=\/wp\/v2\/users\/1"}],"replies":[{"embeddable":true,"href":"https:\/\/telefonmann-owl.de\/index.php?rest_route=%2Fwp%2Fv2%2Fcomments&post=11"}],"version-history":[{"count":6,"href":"https:\/\/telefonmann-owl.de\/index.php?rest_route=\/wp\/v2\/pages\/11\/revisions"}],"predecessor-version":[{"id":139,"href":"https:\/\/telefonmann-owl.de\/index.php?rest_route=\/wp\/v2\/pages\/11\/revisions\/139"}],"wp:attachment":[{"href":"https:\/\/telefonmann-owl.de\/index.php?rest_route=%2Fwp%2Fv2%2Fmedia&parent=11"}],"curies":[{"name":"wp","href":"https:\/\/api.w.org\/{rel}","templated":true}]}}