{"id":39,"date":"2017-02-13T15:22:18","date_gmt":"2017-02-13T14:22:18","guid":{"rendered":"http:\/\/telefonmann-owl.de\/?page_id=39"},"modified":"2017-02-23T12:57:07","modified_gmt":"2017-02-23T11:57:07","slug":"videoueberwachung","status":"publish","type":"page","link":"https:\/\/telefonmann-owl.de\/?page_id=39","title":{"rendered":"Video\u00fcberwachung"},"content":{"rendered":"<p><img loading=\"lazy\" decoding=\"async\" class=\"size-medium wp-image-106 alignright\" src=\"https:\/\/telefonmann-owl.de\/wp-content\/uploads\/2017\/02\/vms3330-300x216.png\" alt=\"\" width=\"300\" height=\"216\" srcset=\"https:\/\/telefonmann-owl.de\/wp-content\/uploads\/2017\/02\/vms3330-300x216.png 300w, https:\/\/telefonmann-owl.de\/wp-content\/uploads\/2017\/02\/vms3330-768x554.png 768w, https:\/\/telefonmann-owl.de\/wp-content\/uploads\/2017\/02\/vms3330.png 832w\" sizes=\"(max-width: 300px) 100vw, 300px\" \/>Unter dem Motto: \u201eKeine Kabel, keine Dr\u00e4hte, Keine Sorgen\u201c, stellt Netgear mit der Arlo\u2122 Smart Home-Sicherheitskamera die branchenweit erste zu hundert Prozent kabellose Kamera mit kristallklarem High-Definition-Video vor. Diese Weltneuheit repr\u00e4sentiert einen Durchbruch im Bereich der Heimsicherheit und leistet auf einfache und komfortable Weise einen erheblichen Beitrag zur Sicherheit privater Wohnungen und H\u00e4user im Innen- und Au\u00dfenbereich sowie in kleinen Gesch\u00e4ften oder Kiosken, die sich kein teures, umfassendes Video-Sicherheitssystem installieren wollen.<\/p>\n","protected":false},"excerpt":{"rendered":"<p>Unter dem Motto: \u201eKeine Kabel, keine Dr\u00e4hte, Keine Sorgen\u201c, stellt Netgear mit der Arlo\u2122 Smart Home-Sicherheitskamera die branchenweit erste zu hundert Prozent kabellose Kamera mit kristallklarem High-Definition-Video vor. Diese Weltneuheit &#8230;<\/p>\n","protected":false},"author":1,"featured_media":0,"parent":0,"menu_order":0,"comment_status":"closed","ping_status":"closed","template":"","meta":{"footnotes":""},"_links":{"self":[{"href":"https:\/\/telefonmann-owl.de\/index.php?rest_route=\/wp\/v2\/pages\/39"}],"collection":[{"href":"https:\/\/telefonmann-owl.de\/index.php?rest_route=\/wp\/v2\/pages"}],"about":[{"href":"https:\/\/telefonmann-owl.de\/index.php?rest_route=\/wp\/v2\/types\/page"}],"author":[{"embeddable":true,"href":"https:\/\/telefonmann-owl.de\/index.php?rest_route=\/wp\/v2\/users\/1"}],"replies":[{"embeddable":true,"href":"https:\/\/telefonmann-owl.de\/index.php?rest_route=%2Fwp%2Fv2%2Fcomments&post=39"}],"version-history":[{"count":4,"href":"https:\/\/telefonmann-owl.de\/index.php?rest_route=\/wp\/v2\/pages\/39\/revisions"}],"predecessor-version":[{"id":104,"href":"https:\/\/telefonmann-owl.de\/index.php?rest_route=\/wp\/v2\/pages\/39\/revisions\/104"}],"wp:attachment":[{"href":"https:\/\/telefonmann-owl.de\/index.php?rest_route=%2Fwp%2Fv2%2Fmedia&parent=39"}],"curies":[{"name":"wp","href":"https:\/\/api.w.org\/{rel}","templated":true}]}}