{"id":57,"date":"2017-02-13T15:30:55","date_gmt":"2017-02-13T14:30:55","guid":{"rendered":"http:\/\/telefonmann-owl.de\/?page_id=57"},"modified":"2023-10-15T09:25:33","modified_gmt":"2023-10-15T08:25:33","slug":"start","status":"publish","type":"page","link":"https:\/\/telefonmann-owl.de\/","title":{"rendered":"Home"},"content":{"rendered":"<p><strong><span style=\"font-size: small;\">Eine perfekt funktionierende Kommunikation ist entscheidend f\u00fcr Ihren Erfolg. Wir verf\u00fcgen \u00fcber den professionellen Service, eine vielf\u00e4ltige Produktpalette und das n\u00f6tige technische Know-how zu den neusten Technologien im Bereich der Telekommunikation.<\/span><\/strong><\/p>\n<p><strong><span style=\"font-size: small;\">Wie steht es mit Ihrer Kommunikationsstrategie?<\/span><\/strong><\/p>\n<p><strong><span style=\"font-size: small;\">Konzentrieren Sie sich auf Ihr Kerngesch\u00e4ft! Wir bieten Ihnen eine speziell auf Ihre Bed\u00fcrfnisse zugeschnittene Kommunikationsl\u00f6sung. Wir erkennen und verstehen Ihre individuellen Anforderungen und ber\u00fccksichtigen nat\u00fcrlich auch organisatorische und branchenspezifische Rahmenbedingungen. <\/span><\/strong><\/p>\n<p><strong><span style=\"font-size: small;\">Nutzen Sie unseren Informationsservice in Ihrem eigenen Interesse und informieren Sie sich vorab auf diesen Seiten \u00fcber unser Angebot. <\/span><\/strong><\/p>\n<p><a href=\"https:\/\/download.teamviewer.com\/download\/TeamViewerQS.exe\" rel=\"noopener\"><img loading=\"lazy\" decoding=\"async\" class=\"alignleft wp-image-61\" src=\"https:\/\/telefonmann-owl.de\/wp-content\/uploads\/2017\/02\/Teamviewer.jpg\" alt=\"\" width=\"100\" height=\"100\" srcset=\"https:\/\/telefonmann-owl.de\/wp-content\/uploads\/2017\/02\/Teamviewer.jpg 225w, https:\/\/telefonmann-owl.de\/wp-content\/uploads\/2017\/02\/Teamviewer-150x150.jpg 150w\" sizes=\"(max-width: 100px) 100vw, 100px\" \/><\/a><\/p>\n<p><a href=\"https:\/\/a.check24.net\/misc\/click.php?pid=251223&amp;aid=271&amp;deep=dsl-anbieterwechsel&amp;cat=4\" target=\"_blank\" rel=\"noopener\"><img decoding=\"async\" src=\"https:\/\/a.check24.net\/misc\/view.php?pid=251223&amp;aid=271&amp;cat=4\" \/><\/a><\/p>\n<p>\u00a0<\/p>\n<p>\u00a0<\/p>\n\n<div class=\"wp-block-image\">\n<figure class=\"alignleft size-full is-resized\"><a href=\"https:\/\/ajax.systems\/de\/\" target=\"_blank\" rel=\"noreferrer noopener\"><img loading=\"lazy\" decoding=\"async\" width=\"748\" height=\"400\" src=\"https:\/\/telefonmann-owl.de\/wp-content\/uploads\/2023\/10\/WhatsApp-Bild-2023-10-12-um-22.10.23_3e661f4a.jpg\" alt=\"\" class=\"wp-image-127\" style=\"aspect-ratio:1.87;width:374px;height:auto\" srcset=\"https:\/\/telefonmann-owl.de\/wp-content\/uploads\/2023\/10\/WhatsApp-Bild-2023-10-12-um-22.10.23_3e661f4a.jpg 748w, https:\/\/telefonmann-owl.de\/wp-content\/uploads\/2023\/10\/WhatsApp-Bild-2023-10-12-um-22.10.23_3e661f4a-300x160.jpg 300w\" sizes=\"(max-width: 748px) 100vw, 748px\" \/><\/a><\/figure><\/div>\n\n\n<p><\/p>\n\n\n\n<p><\/p>\n","protected":false},"excerpt":{"rendered":"<p>Eine perfekt funktionierende Kommunikation ist entscheidend f\u00fcr Ihren Erfolg. Wir verf\u00fcgen \u00fcber den professionellen Service, eine vielf\u00e4ltige Produktpalette und das n\u00f6tige technische Know-how zu den neusten Technologien im Bereich der &#8230;<\/p>\n","protected":false},"author":1,"featured_media":0,"parent":0,"menu_order":0,"comment_status":"closed","ping_status":"closed","template":"","meta":{"footnotes":""},"_links":{"self":[{"href":"https:\/\/telefonmann-owl.de\/index.php?rest_route=\/wp\/v2\/pages\/57"}],"collection":[{"href":"https:\/\/telefonmann-owl.de\/index.php?rest_route=\/wp\/v2\/pages"}],"about":[{"href":"https:\/\/telefonmann-owl.de\/index.php?rest_route=\/wp\/v2\/types\/page"}],"author":[{"embeddable":true,"href":"https:\/\/telefonmann-owl.de\/index.php?rest_route=\/wp\/v2\/users\/1"}],"replies":[{"embeddable":true,"href":"https:\/\/telefonmann-owl.de\/index.php?rest_route=%2Fwp%2Fv2%2Fcomments&post=57"}],"version-history":[{"count":13,"href":"https:\/\/telefonmann-owl.de\/index.php?rest_route=\/wp\/v2\/pages\/57\/revisions"}],"predecessor-version":[{"id":145,"href":"https:\/\/telefonmann-owl.de\/index.php?rest_route=\/wp\/v2\/pages\/57\/revisions\/145"}],"wp:attachment":[{"href":"https:\/\/telefonmann-owl.de\/index.php?rest_route=%2Fwp%2Fv2%2Fmedia&parent=57"}],"curies":[{"name":"wp","href":"https:\/\/api.w.org\/{rel}","templated":true}]}}